{"id":522,"date":"2024-02-21T08:13:51","date_gmt":"2024-02-21T08:13:51","guid":{"rendered":"https:\/\/coffeecare.com.cy\/?post_type=product&#038;p=522"},"modified":"2024-02-21T12:37:03","modified_gmt":"2024-02-21T12:37:03","slug":"jacobs-excellent-touch","status":"publish","type":"product","link":"https:\/\/coffeecare.com.cy\/el\/product\/jacobs-excellent-touch\/","title":{"rendered":"Jacobs Excellent Touch"},"content":{"rendered":"<p>Selections: Coffee, Espresso, Caf\u00e9 Cr\u00e8me, Cappuccino, Caf\u00e9 au Lait, Macchiato, Hot Water<\/p>\n","protected":false},"excerpt":{"rendered":"<p>Jacobs Excellent Touch<\/p>\n","protected":false},"featured_media":523,"template":"","meta":[],"product_brand":[],"product_cat":[19,21],"product_tag":[],"class_list":{"0":"post-522","1":"product","2":"type-product","3":"status-publish","4":"has-post-thumbnail","6":"product_cat-cafitesse","7":"product_cat-cafitesse-equipment","9":"first","10":"instock","11":"shipping-taxable","12":"product-type-simple"},"_links":{"self":[{"href":"https:\/\/coffeecare.com.cy\/el\/wp-json\/wp\/v2\/product\/522","targetHints":{"allow":["GET"]}}],"collection":[{"href":"https:\/\/coffeecare.com.cy\/el\/wp-json\/wp\/v2\/product"}],"about":[{"href":"https:\/\/coffeecare.com.cy\/el\/wp-json\/wp\/v2\/types\/product"}],"wp:featuredmedia":[{"embeddable":true,"href":"https:\/\/coffeecare.com.cy\/el\/wp-json\/wp\/v2\/media\/523"}],"wp:attachment":[{"href":"https:\/\/coffeecare.com.cy\/el\/wp-json\/wp\/v2\/media?parent=522"}],"wp:term":[{"taxonomy":"product_brand","embeddable":true,"href":"https:\/\/coffeecare.com.cy\/el\/wp-json\/wp\/v2\/product_brand?post=522"},{"taxonomy":"product_cat","embeddable":true,"href":"https:\/\/coffeecare.com.cy\/el\/wp-json\/wp\/v2\/product_cat?post=522"},{"taxonomy":"product_tag","embeddable":true,"href":"https:\/\/coffeecare.com.cy\/el\/wp-json\/wp\/v2\/product_tag?post=522"}],"curies":[{"name":"wp","href":"https:\/\/api.w.org\/{rel}","templated":true}]}}